{"id":23741,"date":"2024-03-12T10:15:31","date_gmt":"2024-03-12T10:15:31","guid":{"rendered":"https:\/\/marseldesign.rs\/?post_type=product&#038;p=23741"},"modified":"2025-04-01T17:06:31","modified_gmt":"2025-04-01T17:06:31","slug":"transparent-dress","status":"publish","type":"product","link":"https:\/\/marseldesign.rs\/en\/product\/transparent-dress\/","title":{"rendered":"Transparent dress"},"content":{"rendered":"","protected":false},"excerpt":{"rendered":"<p>Transparent dress je haljina za pla\u017eu sa trapezastim rukavima i otvorom na le\u0111ima. U\u010dini\u0107e da se na pla\u017ei ose\u0107ate prijatno i prime\u0107eno.<\/p>\n<p>&nbsp;<\/p>\n<p>Materijal: 50% lan, 50% viskoza<\/p>","protected":false},"featured_media":23746,"template":"","meta":[],"product_brand":[],"product_cat":[20],"product_tag":[],"class_list":{"0":"post-23741","1":"product","2":"type-product","3":"status-publish","4":"has-post-thumbnail","6":"product_cat-haljine","8":"first","9":"instock","10":"shipping-taxable","11":"purchasable","12":"product-type-variable"},"_links":{"self":[{"href":"https:\/\/marseldesign.rs\/en\/wp-json\/wp\/v2\/product\/23741","targetHints":{"allow":["GET"]}}],"collection":[{"href":"https:\/\/marseldesign.rs\/en\/wp-json\/wp\/v2\/product"}],"about":[{"href":"https:\/\/marseldesign.rs\/en\/wp-json\/wp\/v2\/types\/product"}],"version-history":[{"count":5,"href":"https:\/\/marseldesign.rs\/en\/wp-json\/wp\/v2\/product\/23741\/revisions"}],"predecessor-version":[{"id":24055,"href":"https:\/\/marseldesign.rs\/en\/wp-json\/wp\/v2\/product\/23741\/revisions\/24055"}],"wp:featuredmedia":[{"embeddable":true,"href":"https:\/\/marseldesign.rs\/en\/wp-json\/wp\/v2\/media\/23746"}],"wp:attachment":[{"href":"https:\/\/marseldesign.rs\/en\/wp-json\/wp\/v2\/media?parent=23741"}],"wp:term":[{"taxonomy":"product_brand","embeddable":true,"href":"https:\/\/marseldesign.rs\/en\/wp-json\/wp\/v2\/product_brand?post=23741"},{"taxonomy":"product_cat","embeddable":true,"href":"https:\/\/marseldesign.rs\/en\/wp-json\/wp\/v2\/product_cat?post=23741"},{"taxonomy":"product_tag","embeddable":true,"href":"https:\/\/marseldesign.rs\/en\/wp-json\/wp\/v2\/product_tag?post=23741"}],"curies":[{"name":"wp","href":"https:\/\/api.w.org\/{rel}","templated":true}]}}