{"id":23713,"date":"2024-03-12T09:54:20","date_gmt":"2024-03-12T09:54:20","guid":{"rendered":"https:\/\/marseldesign.rs\/?post_type=product&#038;p=23713"},"modified":"2025-02-23T17:35:19","modified_gmt":"2025-02-23T17:35:19","slug":"cuba-dress","status":"publish","type":"product","link":"https:\/\/marseldesign.rs\/en\/product\/cuba-dress\/","title":{"rendered":"Cuba dress"},"content":{"rendered":"","protected":false},"excerpt":{"rendered":"<p>Cuba dress izra\u0111ena je od viskoze koja savr\u0161eno pada i prati liniju tela. Ova haljina u\u010dini\u0107e da se ose\u0107ate lepo i zavodljivo tokom letnjih dana ali i letnjih ve\u010deri. Rukavi su uski i haljina ima kru\u017eni otvor na le\u0111ima.<\/p>\n<p>Customize your look with the possibility of adjusting the length of the dress.<\/p>\n<p>Composition: 97% viscose, 3% elastane<\/p>","protected":false},"featured_media":23723,"template":"","meta":[],"product_brand":[],"product_cat":[20],"product_tag":[],"class_list":{"0":"post-23713","1":"product","2":"type-product","3":"status-publish","4":"has-post-thumbnail","6":"product_cat-haljine","8":"first","9":"instock","10":"shipping-taxable","11":"purchasable","12":"product-type-variable"},"_links":{"self":[{"href":"https:\/\/marseldesign.rs\/en\/wp-json\/wp\/v2\/product\/23713","targetHints":{"allow":["GET"]}}],"collection":[{"href":"https:\/\/marseldesign.rs\/en\/wp-json\/wp\/v2\/product"}],"about":[{"href":"https:\/\/marseldesign.rs\/en\/wp-json\/wp\/v2\/types\/product"}],"version-history":[{"count":2,"href":"https:\/\/marseldesign.rs\/en\/wp-json\/wp\/v2\/product\/23713\/revisions"}],"predecessor-version":[{"id":23918,"href":"https:\/\/marseldesign.rs\/en\/wp-json\/wp\/v2\/product\/23713\/revisions\/23918"}],"wp:featuredmedia":[{"embeddable":true,"href":"https:\/\/marseldesign.rs\/en\/wp-json\/wp\/v2\/media\/23723"}],"wp:attachment":[{"href":"https:\/\/marseldesign.rs\/en\/wp-json\/wp\/v2\/media?parent=23713"}],"wp:term":[{"taxonomy":"product_brand","embeddable":true,"href":"https:\/\/marseldesign.rs\/en\/wp-json\/wp\/v2\/product_brand?post=23713"},{"taxonomy":"product_cat","embeddable":true,"href":"https:\/\/marseldesign.rs\/en\/wp-json\/wp\/v2\/product_cat?post=23713"},{"taxonomy":"product_tag","embeddable":true,"href":"https:\/\/marseldesign.rs\/en\/wp-json\/wp\/v2\/product_tag?post=23713"}],"curies":[{"name":"wp","href":"https:\/\/api.w.org\/{rel}","templated":true}]}}