{"id":23804,"date":"2024-03-18T14:57:58","date_gmt":"2024-03-18T14:57:58","guid":{"rendered":"https:\/\/marseldesign.rs\/?page_id=23804"},"modified":"2024-03-18T15:08:48","modified_gmt":"2024-03-18T15:08:48","slug":"politika-privatnosti","status":"publish","type":"page","link":"https:\/\/marseldesign.rs\/en\/politika-privatnosti\/","title":{"rendered":"Privacy Policy"},"content":{"rendered":"<div data-elementor-type=\"wp-page\" data-elementor-id=\"23804\" class=\"elementor elementor-23804\">\n\t\t\t\t<div class=\"elementor-element elementor-element-61263d0a e-flex e-con-boxed e-con e-parent\" data-id=\"61263d0a\" data-element_type=\"container\">\n\t\t\t\t\t<div class=\"e-con-inner\">\n\t\t<div class=\"elementor-element elementor-element-6bac6174 e-con-full e-flex e-con e-child\" data-id=\"6bac6174\" data-element_type=\"container\">\n\t\t\t\t<div class=\"elementor-element elementor-element-5f5db319 elementor-widget elementor-widget-wd_text_block\" data-id=\"5f5db319\" data-element_type=\"widget\" data-widget_type=\"wd_text_block.default\">\n\t\t\t\t<div class=\"elementor-widget-container\">\n\t\t\t\t\t\t\t<div class=\"wd-text-block reset-last-child text-left\">\n\t\t\t\n\t\t\t<p><strong>Privacy Policy<\/strong><\/p><p>We want to assure you that Marsel values the safeguarding of your personal data. Your data will be handled in compliance with relevant regulations, and only essential details required for order processing will be processed.<\/p><p>When you make a purchase on our website, you are informed and provide consent for your data to be added to our customer database. Your data will be securely guarded and not shared with any third parties.<\/p><p>We gather, analyze, and utilize data on the products our visitors search for and buy to enhance our website's offerings and appearance, aiming to provide better shopping experience.<\/p>\n\t\t\t\t\t<\/div>\n\t\t\t\t\t\t<\/div>\n\t\t\t\t<\/div>\n\t\t\t\t<\/div>\n\t\t\t\t\t<\/div>\n\t\t\t\t<\/div>\n\t\t\t\t<\/div>","protected":false},"excerpt":{"rendered":"<p>Politika privatnosti \u017delimo da Vas obavestimo da Marsel po\u0161tuje za\u0161titu Va\u0161ih li\u010dnih podataka. Podaci \u0107e biti obra\u0111ivani u skladu sa<\/p>","protected":false},"author":1,"featured_media":0,"parent":0,"menu_order":0,"comment_status":"closed","ping_status":"closed","template":"elementor_header_footer","meta":{"footnotes":""},"class_list":["post-23804","page","type-page","status-publish","hentry"],"_links":{"self":[{"href":"https:\/\/marseldesign.rs\/en\/wp-json\/wp\/v2\/pages\/23804","targetHints":{"allow":["GET"]}}],"collection":[{"href":"https:\/\/marseldesign.rs\/en\/wp-json\/wp\/v2\/pages"}],"about":[{"href":"https:\/\/marseldesign.rs\/en\/wp-json\/wp\/v2\/types\/page"}],"author":[{"embeddable":true,"href":"https:\/\/marseldesign.rs\/en\/wp-json\/wp\/v2\/users\/1"}],"replies":[{"embeddable":true,"href":"https:\/\/marseldesign.rs\/en\/wp-json\/wp\/v2\/comments?post=23804"}],"version-history":[{"count":7,"href":"https:\/\/marseldesign.rs\/en\/wp-json\/wp\/v2\/pages\/23804\/revisions"}],"predecessor-version":[{"id":23816,"href":"https:\/\/marseldesign.rs\/en\/wp-json\/wp\/v2\/pages\/23804\/revisions\/23816"}],"wp:attachment":[{"href":"https:\/\/marseldesign.rs\/en\/wp-json\/wp\/v2\/media?parent=23804"}],"curies":[{"name":"wp","href":"https:\/\/api.w.org\/{rel}","templated":true}]}}