{"id":23536,"date":"2024-03-11T15:27:05","date_gmt":"2024-03-11T15:27:05","guid":{"rendered":"https:\/\/marseldesign.rs\/?page_id=23536"},"modified":"2024-04-07T19:55:49","modified_gmt":"2024-04-07T19:55:49","slug":"o-nama","status":"publish","type":"page","link":"https:\/\/marseldesign.rs\/en\/o-nama\/","title":{"rendered":"About us"},"content":{"rendered":"<div data-elementor-type=\"wp-page\" data-elementor-id=\"23536\" class=\"elementor elementor-23536\">\n\t\t\t\t<div class=\"elementor-element elementor-element-93e32c9 e-flex e-con-boxed e-con e-parent\" data-id=\"93e32c9\" data-element_type=\"container\">\n\t\t\t\t\t<div class=\"e-con-inner\">\n\t\t<div class=\"elementor-element elementor-element-eac8dc8 e-con-full e-flex e-con e-child\" data-id=\"eac8dc8\" data-element_type=\"container\">\n\t\t\t\t<div class=\"elementor-element elementor-element-37c62b1 elementor-widget elementor-widget-wd_text_block\" data-id=\"37c62b1\" data-element_type=\"widget\" data-widget_type=\"wd_text_block.default\">\n\t\t\t\t<div class=\"elementor-widget-container\">\n\t\t\t\t\t\t\t<div class=\"wd-text-block reset-last-child text-left\">\n\t\t\t\n\t\t\t<p>Marsel je brend potekao iz Beograda koji oslikava beogradski u\u017eurbani, le\u017eerni a istovremeno avangardni na\u010din \u017eivota. Svaki komad izra\u0111en je ru\u010dno u na\u0161oj radionici, a sve materijale biramo sa posebnom pa\u017enjom ka kvalitetu i udobnosti. Sa tom \u017eeljom pravimo unikatne komade u kojima \u0107ete se ose\u0107ati zavodljivo i ne\u017eno. U eri brze mode \u017eeleli smo da stvaramo komade koji \u0107e trajati godinama.<\/p><p>Marsel komadi nosivi su u elegantim, a istovremeno i svakodnevnim okolnostima, a na\u0161i krojevi nastoje da istaknu prefinjenu \u017eenstvenost i istovremeno pokriju eventualne nedostatke.<\/p><p>Komadi su dizajnirani od strane stru\u010dnjaka sa dugogodi\u0161njim iskustvom u modnoj industriji zajedno uz tim koji unosi novu mladala\u010dku energiju. Brend kontinuirano radi na unapre\u0111enju postoje\u0107ih modela i na kreativnom stvaranju novih koje \u0107ete nositi dugo i s ljubavlju jer je na\u0161a politika oslonjena na kvalitet koji je nosiv godinama.<\/p>\n\t\t\t\t\t<\/div>\n\t\t\t\t\t\t<\/div>\n\t\t\t\t<\/div>\n\t\t\t\t<\/div>\n\t\t<div class=\"elementor-element elementor-element-ffd8ed0 e-con-full e-flex e-con e-child\" data-id=\"ffd8ed0\" data-element_type=\"container\">\n\t\t\t\t<div class=\"elementor-element elementor-element-f025c6a elementor-widget elementor-widget-image\" data-id=\"f025c6a\" data-element_type=\"widget\" data-widget_type=\"image.default\">\n\t\t\t\t<div class=\"elementor-widget-container\">\n\t\t\t\t\t\t\t\t\t\t\t\t\t\t\t<img decoding=\"async\" src=\"https:\/\/marseldesign.rs\/wp-content\/uploads\/elementor\/thumbs\/1-ql1ywryv36cytjbz53yuyhr20o0g49gtvkwq2b3sxy.jpg\" title=\"1\" alt=\"1\" loading=\"lazy\" \/>\t\t\t\t\t\t\t\t\t\t\t\t\t\t\t<\/div>\n\t\t\t\t<\/div>\n\t\t\t\t<\/div>\n\t\t\t\t\t<\/div>\n\t\t\t\t<\/div>\n\t\t\t\t<\/div>","protected":false},"excerpt":{"rendered":"<p>Marsel je brend potekao iz Beograda koji oslikava beogradski u\u017eurbani, le\u017eerni a istovremeno avangardni na\u010din \u017eivota. Svaki komad izra\u0111en je<\/p>","protected":false},"author":1,"featured_media":0,"parent":0,"menu_order":0,"comment_status":"closed","ping_status":"closed","template":"elementor_header_footer","meta":{"footnotes":""},"class_list":["post-23536","page","type-page","status-publish","hentry"],"_links":{"self":[{"href":"https:\/\/marseldesign.rs\/en\/wp-json\/wp\/v2\/pages\/23536","targetHints":{"allow":["GET"]}}],"collection":[{"href":"https:\/\/marseldesign.rs\/en\/wp-json\/wp\/v2\/pages"}],"about":[{"href":"https:\/\/marseldesign.rs\/en\/wp-json\/wp\/v2\/types\/page"}],"author":[{"embeddable":true,"href":"https:\/\/marseldesign.rs\/en\/wp-json\/wp\/v2\/users\/1"}],"replies":[{"embeddable":true,"href":"https:\/\/marseldesign.rs\/en\/wp-json\/wp\/v2\/comments?post=23536"}],"version-history":[{"count":25,"href":"https:\/\/marseldesign.rs\/en\/wp-json\/wp\/v2\/pages\/23536\/revisions"}],"predecessor-version":[{"id":23914,"href":"https:\/\/marseldesign.rs\/en\/wp-json\/wp\/v2\/pages\/23536\/revisions\/23914"}],"wp:attachment":[{"href":"https:\/\/marseldesign.rs\/en\/wp-json\/wp\/v2\/media?parent=23536"}],"curies":[{"name":"wp","href":"https:\/\/api.w.org\/{rel}","templated":true}]}}